{"id":8101,"date":"2021-11-15T09:18:05","date_gmt":"2022-03-07T14:51:29","guid":{"rendered":"https:\/\/www.losoliveros.es\/\/producto\/mortar\/"},"modified":"2022-08-04T10:33:51","modified_gmt":"2022-08-04T10:33:51","slug":"mortero-grande-2","status":"publish","type":"product","link":"https:\/\/www.losoliveros.es\/de\/producto\/mortero-grande-2\/","title":{"rendered":"Mortar"},"content":{"rendered":"","protected":false},"excerpt":{"rendered":"<p><span class=\"VIiyi\" lang=\"de\"><span class=\"JLqJ4b ChMk0b\" data-language-for-alternatives=\"de\" data-language-to-translate-into=\"es\" data-phrase-index=\"0\" data-number-of-phrases=\"1\"><span class=\"Q4iAWc\">\u00dcberpr\u00fcfen Sie die Verf\u00fcgbarkeit von Produkten in Sondergr\u00f6\u00dfe per E-Mail <span class=\"VIiyi\" lang=\"en\">(<a href=\"mailto:losoliveros@losoliveros.es\">losoliveros@losoliveros.es<\/a>)<\/span>.<\/span><\/span><\/span><\/p>\n","protected":false},"featured_media":9526,"comment_status":"open","ping_status":"closed","template":"","meta":[],"product_brand":[],"product_cat":[157,215],"product_tag":[],"class_list":{"0":"post-8101","1":"product","2":"type-product","3":"status-publish","4":"has-post-thumbnail","6":"product_cat-kuche-de","7":"product_cat-mortero-de","9":"first","10":"instock","11":"featured","12":"taxable","13":"shipping-taxable","14":"purchasable","15":"product-type-variable"},"_links":{"self":[{"href":"https:\/\/www.losoliveros.es\/de\/wp-json\/wp\/v2\/product\/8101","targetHints":{"allow":["GET"]}}],"collection":[{"href":"https:\/\/www.losoliveros.es\/de\/wp-json\/wp\/v2\/product"}],"about":[{"href":"https:\/\/www.losoliveros.es\/de\/wp-json\/wp\/v2\/types\/product"}],"replies":[{"embeddable":true,"href":"https:\/\/www.losoliveros.es\/de\/wp-json\/wp\/v2\/comments?post=8101"}],"version-history":[{"count":1,"href":"https:\/\/www.losoliveros.es\/de\/wp-json\/wp\/v2\/product\/8101\/revisions"}],"predecessor-version":[{"id":9794,"href":"https:\/\/www.losoliveros.es\/de\/wp-json\/wp\/v2\/product\/8101\/revisions\/9794"}],"wp:featuredmedia":[{"embeddable":true,"href":"https:\/\/www.losoliveros.es\/de\/wp-json\/wp\/v2\/media\/9526"}],"wp:attachment":[{"href":"https:\/\/www.losoliveros.es\/de\/wp-json\/wp\/v2\/media?parent=8101"}],"wp:term":[{"taxonomy":"product_brand","embeddable":true,"href":"https:\/\/www.losoliveros.es\/de\/wp-json\/wp\/v2\/product_brand?post=8101"},{"taxonomy":"product_cat","embeddable":true,"href":"https:\/\/www.losoliveros.es\/de\/wp-json\/wp\/v2\/product_cat?post=8101"},{"taxonomy":"product_tag","embeddable":true,"href":"https:\/\/www.losoliveros.es\/de\/wp-json\/wp\/v2\/product_tag?post=8101"}],"curies":[{"name":"wp","href":"https:\/\/api.w.org\/{rel}","templated":true}]}}