{"id":8029,"date":"2021-11-16T08:42:57","date_gmt":"2022-03-07T14:06:47","guid":{"rendered":"https:\/\/www.losoliveros.es\/\/producto\/schaelchen-viereckig\/"},"modified":"2022-08-04T10:32:36","modified_gmt":"2022-08-04T10:32:36","slug":"salsera-cuadrado-grande-2","status":"publish","type":"product","link":"https:\/\/www.losoliveros.es\/de\/producto\/salsera-cuadrado-grande-2\/","title":{"rendered":"Sch\u00e4lchen viereckig"},"content":{"rendered":"","protected":false},"excerpt":{"rendered":"<p>Kleines Sch\u00fcsselchen f\u00fcr Trockenfr\u00fcchte, Oliven, Sosen oder andere Dinge.<\/p>\n<p><span class=\"VIiyi\" lang=\"de\"><span class=\"JLqJ4b ChMk0b\" data-language-for-alternatives=\"de\" data-language-to-translate-into=\"es\" data-phrase-index=\"0\" data-number-of-phrases=\"1\"><span class=\"Q4iAWc\">\u00dcberpr\u00fcfen Sie die Verf\u00fcgbarkeit von Produkten in Sondergr\u00f6\u00dfe per E-Mail <span class=\"VIiyi\" lang=\"en\">(<a href=\"mailto:losoliveros@losoliveros.es\">losoliveros@losoliveros.es<\/a>)<\/span>.<\/span><\/span><\/span><\/p>\n","protected":false},"featured_media":9426,"comment_status":"open","ping_status":"closed","template":"","meta":[],"product_brand":[],"product_cat":[163],"product_tag":[],"class_list":{"0":"post-8029","1":"product","2":"type-product","3":"status-publish","4":"has-post-thumbnail","6":"product_cat-container-de","8":"first","9":"instock","10":"featured","11":"taxable","12":"shipping-taxable","13":"purchasable","14":"product-type-variable"},"_links":{"self":[{"href":"https:\/\/www.losoliveros.es\/de\/wp-json\/wp\/v2\/product\/8029","targetHints":{"allow":["GET"]}}],"collection":[{"href":"https:\/\/www.losoliveros.es\/de\/wp-json\/wp\/v2\/product"}],"about":[{"href":"https:\/\/www.losoliveros.es\/de\/wp-json\/wp\/v2\/types\/product"}],"replies":[{"embeddable":true,"href":"https:\/\/www.losoliveros.es\/de\/wp-json\/wp\/v2\/comments?post=8029"}],"version-history":[{"count":2,"href":"https:\/\/www.losoliveros.es\/de\/wp-json\/wp\/v2\/product\/8029\/revisions"}],"predecessor-version":[{"id":9808,"href":"https:\/\/www.losoliveros.es\/de\/wp-json\/wp\/v2\/product\/8029\/revisions\/9808"}],"wp:featuredmedia":[{"embeddable":true,"href":"https:\/\/www.losoliveros.es\/de\/wp-json\/wp\/v2\/media\/9426"}],"wp:attachment":[{"href":"https:\/\/www.losoliveros.es\/de\/wp-json\/wp\/v2\/media?parent=8029"}],"wp:term":[{"taxonomy":"product_brand","embeddable":true,"href":"https:\/\/www.losoliveros.es\/de\/wp-json\/wp\/v2\/product_brand?post=8029"},{"taxonomy":"product_cat","embeddable":true,"href":"https:\/\/www.losoliveros.es\/de\/wp-json\/wp\/v2\/product_cat?post=8029"},{"taxonomy":"product_tag","embeddable":true,"href":"https:\/\/www.losoliveros.es\/de\/wp-json\/wp\/v2\/product_tag?post=8029"}],"curies":[{"name":"wp","href":"https:\/\/api.w.org\/{rel}","templated":true}]}}