{"id":7959,"date":"2021-11-17T12:23:17","date_gmt":"2022-03-07T12:59:42","guid":{"rendered":"https:\/\/www.losoliveros.es\/\/producto\/loeffel-redonda\/"},"modified":"2022-08-04T10:24:28","modified_gmt":"2022-08-04T10:24:28","slug":"cuchara-redonda-2","status":"publish","type":"product","link":"https:\/\/www.losoliveros.es\/de\/producto\/cuchara-redonda-2\/","title":{"rendered":"L\u00f6ffel redonda"},"content":{"rendered":"","protected":false},"excerpt":{"rendered":"<p><span class=\"VIiyi\" lang=\"de\"><span class=\"JLqJ4b ChMk0b\" data-language-for-alternatives=\"de\" data-language-to-translate-into=\"es\" data-phrase-index=\"0\" data-number-of-phrases=\"1\"><span class=\"Q4iAWc\">\u00dcberpr\u00fcfen Sie die Verf\u00fcgbarkeit von Produkten in Sondergr\u00f6\u00dfe per E-Mail <span class=\"VIiyi\" lang=\"en\">(<a href=\"mailto:losoliveros@losoliveros.es\">losoliveros@losoliveros.es<\/a>)<\/span>.<\/span><\/span><\/span><\/p>\n","protected":false},"featured_media":9299,"comment_status":"open","ping_status":"closed","template":"","meta":[],"product_brand":[],"product_cat":[213,157],"product_tag":[],"class_list":{"0":"post-7959","1":"product","2":"type-product","3":"status-publish","4":"has-post-thumbnail","6":"product_cat-cubiertos-de","7":"product_cat-kuche-de","9":"first","10":"instock","11":"featured","12":"taxable","13":"shipping-taxable","14":"purchasable","15":"product-type-variable"},"_links":{"self":[{"href":"https:\/\/www.losoliveros.es\/de\/wp-json\/wp\/v2\/product\/7959","targetHints":{"allow":["GET"]}}],"collection":[{"href":"https:\/\/www.losoliveros.es\/de\/wp-json\/wp\/v2\/product"}],"about":[{"href":"https:\/\/www.losoliveros.es\/de\/wp-json\/wp\/v2\/types\/product"}],"replies":[{"embeddable":true,"href":"https:\/\/www.losoliveros.es\/de\/wp-json\/wp\/v2\/comments?post=7959"}],"version-history":[{"count":1,"href":"https:\/\/www.losoliveros.es\/de\/wp-json\/wp\/v2\/product\/7959\/revisions"}],"predecessor-version":[{"id":9772,"href":"https:\/\/www.losoliveros.es\/de\/wp-json\/wp\/v2\/product\/7959\/revisions\/9772"}],"wp:featuredmedia":[{"embeddable":true,"href":"https:\/\/www.losoliveros.es\/de\/wp-json\/wp\/v2\/media\/9299"}],"wp:attachment":[{"href":"https:\/\/www.losoliveros.es\/de\/wp-json\/wp\/v2\/media?parent=7959"}],"wp:term":[{"taxonomy":"product_brand","embeddable":true,"href":"https:\/\/www.losoliveros.es\/de\/wp-json\/wp\/v2\/product_brand?post=7959"},{"taxonomy":"product_cat","embeddable":true,"href":"https:\/\/www.losoliveros.es\/de\/wp-json\/wp\/v2\/product_cat?post=7959"},{"taxonomy":"product_tag","embeddable":true,"href":"https:\/\/www.losoliveros.es\/de\/wp-json\/wp\/v2\/product_tag?post=7959"}],"curies":[{"name":"wp","href":"https:\/\/api.w.org\/{rel}","templated":true}]}}