{"id":10013,"date":"2022-08-17T08:20:34","date_gmt":"2022-08-17T08:20:34","guid":{"rendered":"https:\/\/www.losoliveros.es\/producto\/cazo-1p-mini-con-agujeros\/"},"modified":"2022-08-25T10:50:40","modified_gmt":"2022-08-25T10:50:40","slug":"cazo-1p-mini-con-agujeros","status":"publish","type":"product","link":"https:\/\/www.losoliveros.es\/de\/producto\/cazo-1p-mini-con-agujeros\/","title":{"rendered":"Sch\u00f6pfl\u00f6ffel 1P mini mit L\u00f6cher"},"content":{"rendered":"","protected":false},"excerpt":{"rendered":"<p>Kleiner Sch\u00f6pfl\u00f6ffel um z.B. Oliven zu servieren.<\/p>\n","protected":false},"featured_media":9907,"comment_status":"open","ping_status":"closed","template":"","meta":[],"product_brand":[],"product_cat":[213,157],"product_tag":[],"class_list":{"0":"post-10013","1":"product","2":"type-product","3":"status-publish","4":"has-post-thumbnail","6":"product_cat-cubiertos-de","7":"product_cat-kuche-de","9":"first","10":"instock","11":"featured","12":"taxable","13":"shipping-taxable","14":"purchasable","15":"product-type-simple"},"_links":{"self":[{"href":"https:\/\/www.losoliveros.es\/de\/wp-json\/wp\/v2\/product\/10013","targetHints":{"allow":["GET"]}}],"collection":[{"href":"https:\/\/www.losoliveros.es\/de\/wp-json\/wp\/v2\/product"}],"about":[{"href":"https:\/\/www.losoliveros.es\/de\/wp-json\/wp\/v2\/types\/product"}],"replies":[{"embeddable":true,"href":"https:\/\/www.losoliveros.es\/de\/wp-json\/wp\/v2\/comments?post=10013"}],"version-history":[{"count":1,"href":"https:\/\/www.losoliveros.es\/de\/wp-json\/wp\/v2\/product\/10013\/revisions"}],"predecessor-version":[{"id":10014,"href":"https:\/\/www.losoliveros.es\/de\/wp-json\/wp\/v2\/product\/10013\/revisions\/10014"}],"wp:featuredmedia":[{"embeddable":true,"href":"https:\/\/www.losoliveros.es\/de\/wp-json\/wp\/v2\/media\/9907"}],"wp:attachment":[{"href":"https:\/\/www.losoliveros.es\/de\/wp-json\/wp\/v2\/media?parent=10013"}],"wp:term":[{"taxonomy":"product_brand","embeddable":true,"href":"https:\/\/www.losoliveros.es\/de\/wp-json\/wp\/v2\/product_brand?post=10013"},{"taxonomy":"product_cat","embeddable":true,"href":"https:\/\/www.losoliveros.es\/de\/wp-json\/wp\/v2\/product_cat?post=10013"},{"taxonomy":"product_tag","embeddable":true,"href":"https:\/\/www.losoliveros.es\/de\/wp-json\/wp\/v2\/product_tag?post=10013"}],"curies":[{"name":"wp","href":"https:\/\/api.w.org\/{rel}","templated":true}]}}